{"id":8,"date":"2019-07-24T14:37:32","date_gmt":"2019-07-24T14:37:32","guid":{"rendered":"http:\/\/marioschkah.de\/?page_id=8"},"modified":"2020-10-11T08:14:14","modified_gmt":"2020-10-11T08:14:14","slug":"weitere-schreibprojekte","status":"publish","type":"page","link":"http:\/\/marioschkah.de\/?page_id=8","title":{"rendered":"Weitere Schreibprojekte"},"content":{"rendered":"\n<p>Das einzige Projekt, an dem ich zur Zeit intensiv arbeite, ist die VMUU Reihe. Es ist das mit Abstand das gr\u00f6\u00dfte Projekt in meiner Schmiede.<\/p>\n\n\n\n<p>Vor der Ver\u00f6ffentlichung des ersten Bands &#8222;Die W\u00e4chter von Andalon&#8220; arbeitete ich parallel an der Stoff- und Ideensammlung zu weiteren Projekten, die meist auf ein oder zwei B\u00e4nde hinauslaufen werden. Darunter befindet sich aber noch ein weiteres Multiband-Vorhaben mit dem Arbeitstitel &#8222;Die Wetterlande&#8220;. Die Entwicklung dieses Steampunk-Fantasythrillers ist schon sehr weit vorangeschritten und wird voraussichtlich nach der Ver\u00f6ffentlichung von VMUU2 an die Reihe kommen. Parallel zur Arbeit an VMUU3 nat\u00fcrlich.<\/p>\n\n\n\n<p>Die restlichen Vorhaben bewegen sich meist in den Genres Fantasy (insbesondere Dark und Urban) und Thriller. Aber auch Krimieinschl\u00e4ge und Sci-Fi Geschichten zeichnen die Bandbreite meiner Ideen aus. Auch an einem Fu\u00dfballdrama habe ich mich versucht, von welchem zwei B\u00e4nde nach wie vor kostenlos erh\u00e4ltlich sind und von Anfang an sehr hohe Bewertungen erhielt und sogar monatelang bei Amazon unter den Top10 in der Kategorie &#8222;Drama&#8220; zu finden war.<\/p>\n","protected":false},"excerpt":{"rendered":"<p>Das einzige Projekt, an dem ich zur Zeit intensiv arbeite, ist die VMUU Reihe. Es ist das mit Abstand das gr\u00f6\u00dfte Projekt in meiner Schmiede. Vor der Ver\u00f6ffentlichung des ersten Bands &#8222;Die W\u00e4chter von Andalon&#8220; arbeitete ich parallel an der Stoff- und Ideensammlung zu weiteren Projekten, die meist auf ein oder zwei B\u00e4nde hinauslaufen werden. <a class=\"more-link\" href=\"http:\/\/marioschkah.de\/?page_id=8\">Weiterlesen\u00a0\u2026<\/a><\/p>\n","protected":false},"author":1,"featured_media":0,"parent":0,"menu_order":0,"comment_status":"closed","ping_status":"closed","template":"","meta":{"jetpack_post_was_ever_published":false,"footnotes":""},"jetpack_sharing_enabled":true,"post_mailing_queue_ids":[],"_links":{"self":[{"href":"http:\/\/marioschkah.de\/index.php?rest_route=\/wp\/v2\/pages\/8"}],"collection":[{"href":"http:\/\/marioschkah.de\/index.php?rest_route=\/wp\/v2\/pages"}],"about":[{"href":"http:\/\/marioschkah.de\/index.php?rest_route=\/wp\/v2\/types\/page"}],"author":[{"embeddable":true,"href":"http:\/\/marioschkah.de\/index.php?rest_route=\/wp\/v2\/users\/1"}],"replies":[{"embeddable":true,"href":"http:\/\/marioschkah.de\/index.php?rest_route=%2Fwp%2Fv2%2Fcomments&post=8"}],"version-history":[{"count":3,"href":"http:\/\/marioschkah.de\/index.php?rest_route=\/wp\/v2\/pages\/8\/revisions"}],"predecessor-version":[{"id":208,"href":"http:\/\/marioschkah.de\/index.php?rest_route=\/wp\/v2\/pages\/8\/revisions\/208"}],"wp:attachment":[{"href":"http:\/\/marioschkah.de\/index.php?rest_route=%2Fwp%2Fv2%2Fmedia&parent=8"}],"curies":[{"name":"wp","href":"https:\/\/api.w.org\/{rel}","templated":true}]}}