{"id":5,"date":"2019-07-24T14:37:19","date_gmt":"2019-07-24T14:37:19","guid":{"rendered":"http:\/\/marioschkah.de\/?page_id=5"},"modified":"2022-03-10T20:20:30","modified_gmt":"2022-03-10T20:20:30","slug":"ueber-mich-und-das-schreiben","status":"publish","type":"page","link":"http:\/\/marioschkah.de\/?page_id=5","title":{"rendered":"\u00dcber Mich und das Schreiben"},"content":{"rendered":"\n<figure class=\"wp-block-image size-large is-resized\"><img loading=\"lazy\" decoding=\"async\" src=\"http:\/\/marioschkah.de\/wp-content\/uploads\/2022\/03\/Mario-Schenk-Profil-Autorenfoto-1024x1024.jpg\" alt=\"\" class=\"wp-image-293\" width=\"303\" height=\"303\" srcset=\"http:\/\/marioschkah.de\/wp-content\/uploads\/2022\/03\/Mario-Schenk-Profil-Autorenfoto-1024x1024.jpg 1024w, http:\/\/marioschkah.de\/wp-content\/uploads\/2022\/03\/Mario-Schenk-Profil-Autorenfoto-300x300.jpg 300w, http:\/\/marioschkah.de\/wp-content\/uploads\/2022\/03\/Mario-Schenk-Profil-Autorenfoto-150x150.jpg 150w, http:\/\/marioschkah.de\/wp-content\/uploads\/2022\/03\/Mario-Schenk-Profil-Autorenfoto-768x768.jpg 768w, http:\/\/marioschkah.de\/wp-content\/uploads\/2022\/03\/Mario-Schenk-Profil-Autorenfoto-1536x1536.jpg 1536w, http:\/\/marioschkah.de\/wp-content\/uploads\/2022\/03\/Mario-Schenk-Profil-Autorenfoto.jpg 1564w\" sizes=\"(max-width: 303px) 100vw, 303px\" \/><\/figure>\n\n\n\n<p>  Als Autor \u00fcberwiegend aus dem Fantasy-Genre lege ich sehr viel wert auf einen durchdachten und abwechslungsreichen Geschichtsverlauf mit dramatischen Entwicklungen und Wendungen, als auch auf glaubhafte und liebenswerte Charaktere.<\/p>\n\n\n\n<p>Die Helden und vor allem Antagonisten entsprechen m\u00f6glichst keinem Klischee und sind f\u00fcr die eine oder andere \u00dcberraschung gut. In nahezu allen Geschichten ist eine nicht unerhebliche \u00fcbernat\u00fcrliche aber bodenst\u00e4ndige Komponente zu finden.<\/p>\n\n\n\n<p>Seit 2019 wird mein Deb\u00fctroman als Teil einer mehrteiligen Reihe mit dem Titel \u201eVon Magie und Unsterblichkeit\u201c (#vmuu) ver\u00f6ffentlicht.<\/p>\n\n\n\n<figure class=\"wp-block-image size-large is-resized\"><img loading=\"lazy\" decoding=\"async\" src=\"http:\/\/marioschkah.de\/wp-content\/uploads\/2022\/03\/Mario-Schenk-0545-Buecherbummel-1024x683.jpg\" alt=\"\" class=\"wp-image-297\" width=\"306\" height=\"203\" srcset=\"http:\/\/marioschkah.de\/wp-content\/uploads\/2022\/03\/Mario-Schenk-0545-Buecherbummel-1024x683.jpg 1024w, http:\/\/marioschkah.de\/wp-content\/uploads\/2022\/03\/Mario-Schenk-0545-Buecherbummel-300x200.jpg 300w, http:\/\/marioschkah.de\/wp-content\/uploads\/2022\/03\/Mario-Schenk-0545-Buecherbummel-768x512.jpg 768w, http:\/\/marioschkah.de\/wp-content\/uploads\/2022\/03\/Mario-Schenk-0545-Buecherbummel.jpg 1200w\" sizes=\"(max-width: 306px) 100vw, 306px\" \/><\/figure>\n\n\n\n<p> Geboren am 30.12.1980, wohnhaft im Landkreis Deggendorf, war ich schon immer von Fantasy- und Sci-Fi-Geschichten fasziniert. Viele meiner Favoriten waren mir aber nicht ernst oder dramatisch genug, daher schrieb ich sie kurzerhand um. Schlie\u00dflich konstruierte ich meine eigenen Welten in Wort und Bild und verarbeitete darin und dadurch mehrere pr\u00e4gende &#8211; zumeist negative &#8211; Ereignisse und Erfahrungen.<\/p>\n\n\n\n<p>Nach dem Abitur \u2013 den praktischen Anteil meiner Facharbeit im Leistungskurs Kunst machte eine Manga-Umsetzung meines ersten Fantasyromans aus \u2013 vernachl\u00e4ssigte ich das Schreiben und konzentrierte mich auf das Berufsleben als Polizeibeamter. Doch meine Fantasie schlief nie und so notierte ich meine Ideen zu vielen weiteren Geschichten.<\/p>\n\n\n\n<p>2007 entschied ich, mich erneut am Schreiben zu versuchen. Auf Grundlage des Materials aus meiner Jugend schuf ich binnen vier Tagen \u00fcber 80 DIN A4 Seiten meines ersten Urban Fantasy Romans, mit dem damaligen Titel \u201eEternal Fight\u201c. Der kreative Schreibprozess begeisterte mich derart intensiv, dass ich mir nichts anderes mehr vorstellen konnte, als Autor die zahlreichen Geschichten in meinem Kopf m\u00f6glichst vielen Fantasyliebhabern zug\u00e4nglich zu machen.<\/p>\n\n\n\n<p>Ich bin Mitglied bei PAN e.V. (Phantastik Autoren Netzwerk), dem Selfpublisher-Verband und dem BvjA (Bundesverband junger Autorinnen und Autoren).<\/p>\n","protected":false},"excerpt":{"rendered":"<p>Als Autor \u00fcberwiegend aus dem Fantasy-Genre lege ich sehr viel wert auf einen durchdachten und abwechslungsreichen Geschichtsverlauf mit dramatischen Entwicklungen und Wendungen, als auch auf glaubhafte und liebenswerte Charaktere. Die Helden und vor allem Antagonisten entsprechen m\u00f6glichst keinem Klischee und sind f\u00fcr die eine oder andere \u00dcberraschung gut. In nahezu allen Geschichten ist eine nicht <a class=\"more-link\" href=\"http:\/\/marioschkah.de\/?page_id=5\">Weiterlesen\u00a0\u2026<\/a><\/p>\n","protected":false},"author":1,"featured_media":0,"parent":0,"menu_order":0,"comment_status":"closed","ping_status":"closed","template":"","meta":{"jetpack_post_was_ever_published":false,"footnotes":""},"jetpack_sharing_enabled":true,"post_mailing_queue_ids":[],"_links":{"self":[{"href":"http:\/\/marioschkah.de\/index.php?rest_route=\/wp\/v2\/pages\/5"}],"collection":[{"href":"http:\/\/marioschkah.de\/index.php?rest_route=\/wp\/v2\/pages"}],"about":[{"href":"http:\/\/marioschkah.de\/index.php?rest_route=\/wp\/v2\/types\/page"}],"author":[{"embeddable":true,"href":"http:\/\/marioschkah.de\/index.php?rest_route=\/wp\/v2\/users\/1"}],"replies":[{"embeddable":true,"href":"http:\/\/marioschkah.de\/index.php?rest_route=%2Fwp%2Fv2%2Fcomments&post=5"}],"version-history":[{"count":8,"href":"http:\/\/marioschkah.de\/index.php?rest_route=\/wp\/v2\/pages\/5\/revisions"}],"predecessor-version":[{"id":301,"href":"http:\/\/marioschkah.de\/index.php?rest_route=\/wp\/v2\/pages\/5\/revisions\/301"}],"wp:attachment":[{"href":"http:\/\/marioschkah.de\/index.php?rest_route=%2Fwp%2Fv2%2Fmedia&parent=5"}],"curies":[{"name":"wp","href":"https:\/\/api.w.org\/{rel}","templated":true}]}}